{"id":4037,"date":"2023-06-26T20:42:39","date_gmt":"2023-06-26T20:42:39","guid":{"rendered":"https:\/\/acampamentoarraial.com.br\/?page_id=4037"},"modified":"2023-06-27T01:05:50","modified_gmt":"2023-06-27T01:05:50","slug":"triangulo","status":"publish","type":"page","link":"https:\/\/acampamentoarraial.com.br\/index.php\/triangulo\/","title":{"rendered":"G2 &#8211; Tri\u00e2ngulo"},"content":{"rendered":"\t\t<div data-elementor-type=\"wp-page\" data-elementor-id=\"4037\" class=\"elementor elementor-4037\">\n\t\t\t\t\t\t<section class=\"elementor-section elementor-top-section elementor-element elementor-element-d48290a elementor-section-boxed elementor-section-height-default elementor-section-height-default\" data-id=\"d48290a\" data-element_type=\"section\">\n\t\t\t\t\t\t<div class=\"elementor-container elementor-column-gap-default\">\n\t\t\t\t\t<div class=\"elementor-column elementor-col-100 elementor-top-column elementor-element elementor-element-94daf5e\" data-id=\"94daf5e\" data-element_type=\"column\">\n\t\t\t<div class=\"elementor-widget-wrap elementor-element-populated\">\n\t\t\t\t\t\t<div class=\"elementor-element elementor-element-6cc3c20 elementor-widget elementor-widget-mgposts_dgrid\" data-id=\"6cc3c20\" data-element_type=\"widget\" data-widget_type=\"mgposts_dgrid.default\">\n\t\t\t\t<div class=\"elementor-widget-container\">\n\t\t\t\t\t        <div class=\"mgp-alert mgp-alert-danger mgp-text-center mgp-mt-5 mgp-mb-5\" role=\"alert\">\r\n            No Posts found this query. Please try another way!!        <\/div>\r\n    \t\t\t\t<\/div>\n\t\t\t\t<\/div>\n\t\t\t\t\t<\/div>\n\t\t<\/div>\n\t\t\t\t\t<\/div>\n\t\t<\/section>\n\t\t\t\t<\/div>\n\t\t","protected":false},"excerpt":{"rendered":"<p>G2 &#8211; Tri\u00e2ngulo G2 \u2013 Tri\u00e2ngulo Arraial Comunica\u00e7\u00e3o June 26, 2023 G2 &#8211; TRI\u00c2NGULO FEMININO ALICE PASSOS OLIVAGABRIELA LANDIM GARRIDORAFAELA GUIMARAES BENDEROTHSILVIA VIEIRA DE MELO SUAREZ SOLISYASMIN PRELLWITZ Tia Gabi G2&#8230; Read More<\/p>\n","protected":false},"author":2,"featured_media":0,"parent":0,"menu_order":0,"comment_status":"closed","ping_status":"closed","template":"","meta":{"site-sidebar-layout":"default","site-content-layout":"default","ast-global-header-display":"","ast-main-header-display":"","ast-hfb-above-header-display":"","ast-hfb-below-header-display":"","ast-hfb-mobile-header-display":"","site-post-title":"","ast-breadcrumbs-content":"","ast-featured-img":"","footer-sml-layout":"","theme-transparent-header-meta":"","adv-header-id-meta":"","stick-header-meta":"","header-above-stick-meta":"","header-main-stick-meta":"","header-below-stick-meta":"","footnotes":""},"_links":{"self":[{"href":"https:\/\/acampamentoarraial.com.br\/index.php\/wp-json\/wp\/v2\/pages\/4037"}],"collection":[{"href":"https:\/\/acampamentoarraial.com.br\/index.php\/wp-json\/wp\/v2\/pages"}],"about":[{"href":"https:\/\/acampamentoarraial.com.br\/index.php\/wp-json\/wp\/v2\/types\/page"}],"author":[{"embeddable":true,"href":"https:\/\/acampamentoarraial.com.br\/index.php\/wp-json\/wp\/v2\/users\/2"}],"replies":[{"embeddable":true,"href":"https:\/\/acampamentoarraial.com.br\/index.php\/wp-json\/wp\/v2\/comments?post=4037"}],"version-history":[{"count":5,"href":"https:\/\/acampamentoarraial.com.br\/index.php\/wp-json\/wp\/v2\/pages\/4037\/revisions"}],"predecessor-version":[{"id":4122,"href":"https:\/\/acampamentoarraial.com.br\/index.php\/wp-json\/wp\/v2\/pages\/4037\/revisions\/4122"}],"wp:attachment":[{"href":"https:\/\/acampamentoarraial.com.br\/index.php\/wp-json\/wp\/v2\/media?parent=4037"}],"curies":[{"name":"wp","href":"https:\/\/api.w.org\/{rel}","templated":true}]}}