{"id":25801,"date":"2026-01-17T15:30:22","date_gmt":"2026-01-17T15:30:22","guid":{"rendered":"https:\/\/acampamentoarraial.com.br\/?page_id=25801"},"modified":"2026-01-17T15:30:23","modified_gmt":"2026-01-17T15:30:23","slug":"tutorial-para-as-cartinhas","status":"publish","type":"page","link":"https:\/\/acampamentoarraial.com.br\/index.php\/tutorial-para-as-cartinhas\/","title":{"rendered":"Tutorial para as cartinhas"},"content":{"rendered":"\n<p>Bom dia mam\u00e3es e papais!<\/p>\n\n\n\n<p>Como voc\u00eas sabem, hoje \u00e9 dia de cartinha no Arraial! As cartas ser\u00e3o escritas pelos filhotes ap\u00f3s o almo\u00e7o, escanearemos para envi\u00e1-las e estar\u00e3o dispon\u00edveis no site (<a href=\"https:\/\/www.oarraial.com.br\/\">https:\/\/www.oarraial.com.br<\/a>) entre a noite de hoje e o dia de amanh\u00e3 (17\/01 a 18\/01). Sabemos que a saudade est\u00e1 grande! Correremos o m\u00e1ximo poss\u00edvel para voc\u00eas receberem essas cartinhas com muito amor!<\/p>\n\n\n\n<h4 class=\"wp-block-heading\">Passo a passo para acessar as cartinhas:<\/h4>\n\n\n\n<p>1\u00b0 Passo : Acesse o site www.oarraial.com.br<\/p>\n\n\n\n<p>2\u00ba Passo: Ao acessar o site, aparecer\u00e1 o bot\u00e3o \u201c\u00c1REA DOS PAIS\u201d, basta clicar<\/p>\n\n\n\n<p>3\u00b0 Passo: Ao entrar em \u201c\u00c1REA DOS PAIS\u201d, aparecer\u00e3o dois campos, basta preencher seu CPF (SEM OS PONTOS E O TRA\u00c7O DO CPF)<\/p>\n\n\n\n<p>4\u00b0 Passo: Agora basta colocar sua senha, s\u00e3o os 4 primeiros digitos do seu CPF<\/p>\n\n\n\n<p>5\u00b0 Passo: Clique em Acessar<\/p>\n\n\n\n<p>6\u00b0 Passo: Ao efetuar o login, aparecer\u00e1 um card de cada filhote. Logo abaixo da foto aparecer\u00e1 o bot\u00e3o\u201dCARTAS\u201d. Pode clicar!<\/p>\n\n\n\n<p>7\u00b0 Passo: Nesta tela aparecer\u00e1 quando j\u00e1 escaneada a carta do seu filhote.<\/p>\n\n\n\n<p>8\u00b0 Passo: Para responder, clique no bot\u00e3o amarelo com s\u00edmbolo de conversa.\u2764\ufe0f<\/p>\n","protected":false},"excerpt":{"rendered":"<p>Bom dia mam\u00e3es e papais! Como voc\u00eas sabem, hoje \u00e9 dia de cartinha no Arraial! As cartas ser\u00e3o escritas pelos filhotes ap\u00f3s o almo\u00e7o, escanearemos para envi\u00e1-las e estar\u00e3o dispon\u00edveis no site (https:\/\/www.oarraial.com.br) entre a noite de hoje e o dia de amanh\u00e3 (17\/01 a 18\/01). Sabemos que a saudade est\u00e1 grande! Correremos o m\u00e1ximo &hellip;<\/p>\n<p class=\"read-more\"> <a class=\"\" href=\"https:\/\/acampamentoarraial.com.br\/index.php\/tutorial-para-as-cartinhas\/\"> <span class=\"screen-reader-text\">Tutorial para as cartinhas<\/span> Leia mais &raquo;<\/a><\/p>\n","protected":false},"author":2,"featured_media":0,"parent":0,"menu_order":0,"comment_status":"closed","ping_status":"closed","template":"","meta":{"site-sidebar-layout":"default","site-content-layout":"default","ast-global-header-display":"","ast-main-header-display":"","ast-hfb-above-header-display":"","ast-hfb-below-header-display":"","ast-hfb-mobile-header-display":"","site-post-title":"","ast-breadcrumbs-content":"","ast-featured-img":"","footer-sml-layout":"","theme-transparent-header-meta":"","adv-header-id-meta":"","stick-header-meta":"","header-above-stick-meta":"","header-main-stick-meta":"","header-below-stick-meta":"","footnotes":""},"_links":{"self":[{"href":"https:\/\/acampamentoarraial.com.br\/index.php\/wp-json\/wp\/v2\/pages\/25801"}],"collection":[{"href":"https:\/\/acampamentoarraial.com.br\/index.php\/wp-json\/wp\/v2\/pages"}],"about":[{"href":"https:\/\/acampamentoarraial.com.br\/index.php\/wp-json\/wp\/v2\/types\/page"}],"author":[{"embeddable":true,"href":"https:\/\/acampamentoarraial.com.br\/index.php\/wp-json\/wp\/v2\/users\/2"}],"replies":[{"embeddable":true,"href":"https:\/\/acampamentoarraial.com.br\/index.php\/wp-json\/wp\/v2\/comments?post=25801"}],"version-history":[{"count":1,"href":"https:\/\/acampamentoarraial.com.br\/index.php\/wp-json\/wp\/v2\/pages\/25801\/revisions"}],"predecessor-version":[{"id":25802,"href":"https:\/\/acampamentoarraial.com.br\/index.php\/wp-json\/wp\/v2\/pages\/25801\/revisions\/25802"}],"wp:attachment":[{"href":"https:\/\/acampamentoarraial.com.br\/index.php\/wp-json\/wp\/v2\/media?parent=25801"}],"curies":[{"name":"wp","href":"https:\/\/api.w.org\/{rel}","templated":true}]}}