{"id":14089,"date":"2025-01-06T01:58:35","date_gmt":"2025-01-06T01:58:35","guid":{"rendered":"https:\/\/acampamentoarraial.com.br\/?page_id=14089"},"modified":"2026-01-07T15:47:31","modified_gmt":"2026-01-07T15:47:31","slug":"lista-dos-acampantes","status":"publish","type":"page","link":"https:\/\/acampamentoarraial.com.br\/index.php\/lista-dos-acampantes\/","title":{"rendered":"Lista dos acampantes"},"content":{"rendered":"\n<p><strong>Kaya N`Gan Daya, Balacobaco, Navio Pirata e Saltimbancos!<\/strong> Estes s\u00e3o nomes de grandes \u00e1lbuns de artistas brasileiros e, por acaso, tamb\u00e9m s\u00e3o os nomes dos grupos desta temporada! Com Gilberto Gil, Rita Lee, BaianaSystem e Chico Buarque no cora\u00e7\u00e3o, vamos mergulhar com muita musicalidade e amor nessa temporada!<\/p>\n\n\n\n<p>Para saber em qual grupo seu filho ou sua filha t\u00e1 fizemos uma listinha, assim voc\u00ea fica ligadinha(o) e quando sair um post no grupo do seu acampante, pode vir correndo ver.<\/p>\n\n\n\n<figure class=\"wp-block-gallery alignwide has-nested-images columns-default is-cropped wp-block-gallery-1 is-layout-flex wp-block-gallery-is-layout-flex\">\n<figure class=\"wp-block-image size-large\"><img fetchpriority=\"high\" decoding=\"async\" width=\"1024\" height=\"724\" data-id=\"20488\" src=\"http:\/\/acampamentoarraial.com.br\/wp-content\/uploads\/2026\/01\/G1-KAYA-NGAN-DAYA-1-1024x724.png\" alt=\"\" class=\"wp-image-20488\" srcset=\"https:\/\/acampamentoarraial.com.br\/wp-content\/uploads\/2026\/01\/G1-KAYA-NGAN-DAYA-1-1024x724.png 1024w, https:\/\/acampamentoarraial.com.br\/wp-content\/uploads\/2026\/01\/G1-KAYA-NGAN-DAYA-1-300x212.png 300w, https:\/\/acampamentoarraial.com.br\/wp-content\/uploads\/2026\/01\/G1-KAYA-NGAN-DAYA-1-768x543.png 768w, https:\/\/acampamentoarraial.com.br\/wp-content\/uploads\/2026\/01\/G1-KAYA-NGAN-DAYA-1-1536x1086.png 1536w, https:\/\/acampamentoarraial.com.br\/wp-content\/uploads\/2026\/01\/G1-KAYA-NGAN-DAYA-1-2048x1448.png 2048w\" sizes=\"(max-width: 1024px) 100vw, 1024px\" \/><\/figure>\n\n\n\n<figure class=\"wp-block-image size-large\"><img decoding=\"async\" width=\"1024\" height=\"724\" data-id=\"20490\" src=\"https:\/\/acampamentoarraial.com.br\/wp-content\/uploads\/2026\/01\/2-1-1024x724.png\" alt=\"\" class=\"wp-image-20490\" srcset=\"https:\/\/acampamentoarraial.com.br\/wp-content\/uploads\/2026\/01\/2-1-1024x724.png 1024w, https:\/\/acampamentoarraial.com.br\/wp-content\/uploads\/2026\/01\/2-1-300x212.png 300w, https:\/\/acampamentoarraial.com.br\/wp-content\/uploads\/2026\/01\/2-1-768x543.png 768w, https:\/\/acampamentoarraial.com.br\/wp-content\/uploads\/2026\/01\/2-1-1536x1086.png 1536w, https:\/\/acampamentoarraial.com.br\/wp-content\/uploads\/2026\/01\/2-1-2048x1448.png 2048w\" sizes=\"(max-width: 1024px) 100vw, 1024px\" \/><\/figure>\n<\/figure>\n\n\n\n<figure class=\"wp-block-gallery alignwide has-nested-images columns-default is-cropped wp-block-gallery-3 is-layout-flex wp-block-gallery-is-layout-flex\">\n<figure class=\"wp-block-image size-large\"><img decoding=\"async\" width=\"1024\" height=\"724\" data-id=\"19635\" src=\"http:\/\/acampamentoarraial.com.br\/wp-content\/uploads\/2026\/01\/G3-NAVIO-PIRATA-1024x724.png\" alt=\"\" class=\"wp-image-19635\" srcset=\"https:\/\/acampamentoarraial.com.br\/wp-content\/uploads\/2026\/01\/G3-NAVIO-PIRATA-1024x724.png 1024w, https:\/\/acampamentoarraial.com.br\/wp-content\/uploads\/2026\/01\/G3-NAVIO-PIRATA-300x212.png 300w, https:\/\/acampamentoarraial.com.br\/wp-content\/uploads\/2026\/01\/G3-NAVIO-PIRATA-768x543.png 768w, https:\/\/acampamentoarraial.com.br\/wp-content\/uploads\/2026\/01\/G3-NAVIO-PIRATA-1536x1086.png 1536w, https:\/\/acampamentoarraial.com.br\/wp-content\/uploads\/2026\/01\/G3-NAVIO-PIRATA-2048x1448.png 2048w\" sizes=\"(max-width: 1024px) 100vw, 1024px\" \/><\/figure>\n\n\n\n<figure class=\"wp-block-image size-large\"><img loading=\"lazy\" decoding=\"async\" width=\"1024\" height=\"724\" data-id=\"22691\" src=\"http:\/\/acampamentoarraial.com.br\/wp-content\/uploads\/2026\/01\/LISTAS-DOS-GRUPOS-ATUALIZADA-JAN-2026.1-G4-AGORA-1024x724.png\" alt=\"\" class=\"wp-image-22691\" srcset=\"https:\/\/acampamentoarraial.com.br\/wp-content\/uploads\/2026\/01\/LISTAS-DOS-GRUPOS-ATUALIZADA-JAN-2026.1-G4-AGORA-1024x724.png 1024w, https:\/\/acampamentoarraial.com.br\/wp-content\/uploads\/2026\/01\/LISTAS-DOS-GRUPOS-ATUALIZADA-JAN-2026.1-G4-AGORA-300x212.png 300w, https:\/\/acampamentoarraial.com.br\/wp-content\/uploads\/2026\/01\/LISTAS-DOS-GRUPOS-ATUALIZADA-JAN-2026.1-G4-AGORA-768x543.png 768w, https:\/\/acampamentoarraial.com.br\/wp-content\/uploads\/2026\/01\/LISTAS-DOS-GRUPOS-ATUALIZADA-JAN-2026.1-G4-AGORA-1536x1086.png 1536w, https:\/\/acampamentoarraial.com.br\/wp-content\/uploads\/2026\/01\/LISTAS-DOS-GRUPOS-ATUALIZADA-JAN-2026.1-G4-AGORA-2048x1448.png 2048w\" sizes=\"(max-width: 1024px) 100vw, 1024px\" \/><\/figure>\n<\/figure>\n","protected":false},"excerpt":{"rendered":"<p>Kaya N`Gan Daya, Balacobaco, Navio Pirata e Saltimbancos! Estes s\u00e3o nomes de grandes \u00e1lbuns de artistas brasileiros e, por acaso, tamb\u00e9m s\u00e3o os nomes dos grupos desta temporada! Com Gilberto Gil, Rita Lee, BaianaSystem e Chico Buarque no cora\u00e7\u00e3o, vamos mergulhar com muita musicalidade e amor nessa temporada! Para saber em qual grupo seu filho &hellip;<\/p>\n<p class=\"read-more\"> <a class=\"\" href=\"https:\/\/acampamentoarraial.com.br\/index.php\/lista-dos-acampantes\/\"> <span class=\"screen-reader-text\">Lista dos acampantes<\/span> Leia mais &raquo;<\/a><\/p>\n","protected":false},"author":2,"featured_media":0,"parent":0,"menu_order":0,"comment_status":"closed","ping_status":"closed","template":"","meta":{"site-sidebar-layout":"default","site-content-layout":"default","ast-global-header-display":"","ast-main-header-display":"","ast-hfb-above-header-display":"","ast-hfb-below-header-display":"","ast-hfb-mobile-header-display":"","site-post-title":"","ast-breadcrumbs-content":"","ast-featured-img":"","footer-sml-layout":"","theme-transparent-header-meta":"","adv-header-id-meta":"","stick-header-meta":"","header-above-stick-meta":"","header-main-stick-meta":"","header-below-stick-meta":"","footnotes":""},"_links":{"self":[{"href":"https:\/\/acampamentoarraial.com.br\/index.php\/wp-json\/wp\/v2\/pages\/14089"}],"collection":[{"href":"https:\/\/acampamentoarraial.com.br\/index.php\/wp-json\/wp\/v2\/pages"}],"about":[{"href":"https:\/\/acampamentoarraial.com.br\/index.php\/wp-json\/wp\/v2\/types\/page"}],"author":[{"embeddable":true,"href":"https:\/\/acampamentoarraial.com.br\/index.php\/wp-json\/wp\/v2\/users\/2"}],"replies":[{"embeddable":true,"href":"https:\/\/acampamentoarraial.com.br\/index.php\/wp-json\/wp\/v2\/comments?post=14089"}],"version-history":[{"count":4,"href":"https:\/\/acampamentoarraial.com.br\/index.php\/wp-json\/wp\/v2\/pages\/14089\/revisions"}],"predecessor-version":[{"id":22692,"href":"https:\/\/acampamentoarraial.com.br\/index.php\/wp-json\/wp\/v2\/pages\/14089\/revisions\/22692"}],"wp:attachment":[{"href":"https:\/\/acampamentoarraial.com.br\/index.php\/wp-json\/wp\/v2\/media?parent=14089"}],"curies":[{"name":"wp","href":"https:\/\/api.w.org\/{rel}","templated":true}]}}